{"id":5537,"date":"2019-12-18T16:14:15","date_gmt":"2019-12-18T15:14:15","guid":{"rendered":"http:\/\/dsmontage.dk.77-247-78-2.f10-media.dk\/filter-housing\/"},"modified":"2020-01-16T15:40:27","modified_gmt":"2020-01-16T14:40:27","slug":"filter-housing","status":"publish","type":"page","link":"https:\/\/dsmontage.dk\/en\/filter-housing\/","title":{"rendered":"FILTER HOUSING"},"content":{"rendered":"<p>[et_pb_section fb_built=&#8221;1&#8243; fullwidth=&#8221;on&#8221; _builder_version=&#8221;4.0.6&#8243; background_enable_color=&#8221;off&#8221; background_image=&#8221;https:\/\/dsmontage.dk\/wp-content\/uploads\/2019\/11\/filterhus-illustration.jpg&#8221; parallax=&#8221;on&#8221; parallax_method=&#8221;off&#8221; background_enable_video_mp4=&#8221;off&#8221; background_video_width=&#8221;100%&#8221; min_height=&#8221;60vh&#8221; animation_style=&#8221;fade&#8221;][et_pb_fullwidth_header title=&#8221;FILTER HOUSING&#8221; text_orientation=&#8221;center&#8221; button_one_url=&#8221;https:\/\/dsmontage.dk\/wp-content\/uploads\/2019\/11\/ds-filterhuse.pdf&#8221; _builder_version=&#8221;4.0.9&#8243; title_text_color=&#8221;#ffffff&#8221; title_font_size=&#8221;74px&#8221; subhead_text_color=&#8221;#006643&#8243; background_color=&#8221;rgba(0,34,58,0.5)&#8221; custom_button_one=&#8221;on&#8221; button_one_text_size=&#8221;15px&#8221; button_one_text_color=&#8221;#ffffff&#8221; button_one_bg_color=&#8221;#006643&#8243; button_one_border_width=&#8221;0px&#8221; button_one_border_radius=&#8221;5px&#8221; button_one_letter_spacing=&#8221;0px&#8221; button_one_font=&#8221;|300|||||||&#8221; button_one_icon=&#8221;%%72%%&#8221; button_one_icon_placement=&#8221;left&#8221; button_one_on_hover=&#8221;off&#8221; button_one_custom_padding=&#8221;20px||20px||true|true&#8221; min_height=&#8221;70vh&#8221; custom_margin=&#8221;||||false|false&#8221; custom_padding=&#8221;||||false|false&#8221; link_option_url_new_window=&#8221;on&#8221; title_font_size_tablet=&#8221;54px&#8221; title_font_size_phone=&#8221;46px&#8221; title_font_size_last_edited=&#8221;on|desktop&#8221; button_one_bg_color__hover=&#8221;rgba(0,102,67,0.85)&#8221; button_one_bg_color__hover_enabled=&#8221;on|hover&#8221; button_one_bg_enable_color__hover=&#8221;on&#8221;][\/et_pb_fullwidth_header][\/et_pb_section][et_pb_section fb_built=&#8221;1&#8243; _builder_version=&#8221;4.0.6&#8243; custom_padding=&#8221;||||false|false&#8221; section_phone=&#8221;90vw&#8221; section_last_edited=&#8221;on|desktop&#8221;][et_pb_row _builder_version=&#8221;4.0.6&#8243; module_alignment=&#8221;center&#8221; custom_margin=&#8221;||||false|false&#8221; custom_padding=&#8221;||||false|false&#8221; animation_style=&#8221;slide&#8221; animation_direction=&#8221;top&#8221; animation_intensity_slide=&#8221;10%&#8221;][et_pb_column type=&#8221;4_4&#8243; _builder_version=&#8221;4.0.4&#8243;][et_pb_text _builder_version=&#8221;4.1&#8243; header_2_text_align=&#8221;center&#8221; hover_enabled=&#8221;0&#8243;]<\/p>\n<h2>FILTER HOUSING BY DANSK ST\u00c5LMONTAGE<\/h2>\n<p>[\/et_pb_text][et_pb_text _builder_version=&#8221;4.0.9&#8243; header_text_align=&#8221;center&#8221; header_text_color=&#8221;#006643&#8243; text_orientation=&#8221;center&#8221;]<\/p>\n<p><span>When you choose a filter housing by Dansk St\u00e5lmontage, you get an absolutely top-quality filter housing. Dansk St\u00e5lmontage has extensive experience of producing filter housings. Our filter housings are used by the food industry, which has the most stringent quality requirements. You can read more about the DS Filter Housing below, or get in touch with us by e-mail or phone.<\/span><\/p>\n<p>[\/et_pb_text][\/et_pb_column][\/et_pb_row][\/et_pb_section][et_pb_section fb_built=&#8221;1&#8243; module_class=&#8221;custom_row&#8221; _builder_version=&#8221;4.0.6&#8243; custom_margin=&#8221;||||false|false&#8221;][et_pb_row column_structure=&#8221;1_2,1_2&#8243; use_custom_gutter=&#8221;on&#8221; gutter_width=&#8221;1&#8243; make_equal=&#8221;on&#8221; _builder_version=&#8221;4.1&#8243; width=&#8221;100%&#8221; max_width=&#8221;90vw&#8221; module_alignment=&#8221;center&#8221; custom_margin=&#8221;||||false|false&#8221; custom_margin_tablet=&#8221;||50px||false|false&#8221; custom_margin_phone=&#8221;||||false|false&#8221; custom_margin_last_edited=&#8221;on|desktop&#8221; custom_padding=&#8221;||0px|||&#8221; animation_style=&#8221;slide&#8221; animation_direction=&#8221;top&#8221; animation_intensity_slide=&#8221;10%&#8221;][et_pb_column type=&#8221;1_2&#8243; _builder_version=&#8221;4.0.6&#8243; custom_css_main_element=&#8221;margin: auto;&#8221;][et_pb_image src=&#8221;https:\/\/dsmontage.dk\/wp-content\/uploads\/2019\/12\/122-scaled.jpg&#8221; module_class=&#8221;objectfit&#8221; _builder_version=&#8221;4.1&#8243; custom_margin=&#8221;||||false|false&#8221; custom_margin_tablet=&#8221;||50px||false|false&#8221; custom_margin_phone=&#8221;||||false|false&#8221; custom_margin_last_edited=&#8221;on|tablet&#8221;][\/et_pb_image][\/et_pb_column][et_pb_column type=&#8221;1_2&#8243; module_class=&#8221;first-on-mobile&#8221; _builder_version=&#8221;4.1&#8243; custom_padding=&#8221;0%|5%|0%|5%|true|true&#8221; custom_padding_tablet=&#8221;5%|2%|5%|2%|true|true&#8221; custom_padding_phone=&#8221;&#8221; custom_padding_last_edited=&#8221;on|tablet&#8221; custom_css_main_element=&#8221;margin: auto;&#8221;][et_pb_text _builder_version=&#8221;4.0.9&#8243; header_2_text_align=&#8221;center&#8221;]<\/p>\n<h2>EASY MAINTENANCE \u2013 ENHANCED SAFETY<\/h2>\n<p>[\/et_pb_text][et_pb_text _builder_version=&#8221;4.0.9&#8243; header_text_align=&#8221;center&#8221; header_text_color=&#8221;#006643&#8243; text_orientation=&#8221;center&#8221;]<\/p>\n<p>Dansk St\u00e5lmontage filter housings are designed to ensure easy maintenance. The filters are easily accessible and quick to remove.<\/p>\n<p>That said, our housings are fully welded in stainless steel to minimise potential accumulation sites for bacteria. The smooth surfaces make cleaning easier. In other words, our filter housings fully comply with the strictest requirements in the industry, and we are confident that we can prepare a solution for you too.<\/p>\n<p>[\/et_pb_text][\/et_pb_column][\/et_pb_row][et_pb_row column_structure=&#8221;1_2,1_2&#8243; use_custom_gutter=&#8221;on&#8221; gutter_width=&#8221;1&#8243; make_equal=&#8221;on&#8221; module_class=&#8221;custom_row&#8221; _builder_version=&#8221;4.1&#8243; width=&#8221;100%&#8221; max_width=&#8221;90vw&#8221; module_alignment=&#8221;center&#8221; custom_margin=&#8221;||||false|false&#8221; custom_margin_tablet=&#8221;||50px||false|false&#8221; custom_margin_phone=&#8221;||||false|false&#8221; custom_margin_last_edited=&#8221;on|desktop&#8221; custom_padding=&#8221;0px|||||&#8221; animation_style=&#8221;slide&#8221; animation_direction=&#8221;top&#8221; animation_intensity_slide=&#8221;10%&#8221;][et_pb_column type=&#8221;1_2&#8243; module_class=&#8221;second-on-mobile&#8221; _builder_version=&#8221;4.1&#8243; custom_padding=&#8221;0%|5%|0%|5%|true|true&#8221; custom_padding_tablet=&#8221;5%|2%|5%|2%|true|true&#8221; custom_padding_phone=&#8221;&#8221; custom_padding_last_edited=&#8221;on|tablet&#8221; custom_css_main_element=&#8221;margin: auto;&#8221;][et_pb_text _builder_version=&#8221;4.0.9&#8243; header_2_text_align=&#8221;center&#8221;]<\/p>\n<h2>THE RIGHT SOLUTION FOR YOUR COMPANY<\/h2>\n<p>[\/et_pb_text][et_pb_text _builder_version=&#8221;4.0.9&#8243; header_text_align=&#8221;center&#8221; header_text_color=&#8221;#006643&#8243; text_orientation=&#8221;center&#8221;]<\/p>\n<p>We always engage in dialogue with our customers to ensure just the right outcome. Our filter housings are no exception; they are available in all sizes and can be adapted to individual customer requirements.<\/p>\n<p>This ensures the filter housings fits perfectly into the system where they are to be installed.<\/p>\n<p>[\/et_pb_text][\/et_pb_column][et_pb_column type=&#8221;1_2&#8243; module_class=&#8221;first-on-mobile&#8221; _builder_version=&#8221;4.0.6&#8243; custom_css_main_element=&#8221;margin: auto;&#8221;][et_pb_image src=&#8221;https:\/\/dsmontage.dk\/wp-content\/uploads\/2019\/12\/13-scaled.jpeg&#8221; module_class=&#8221;objectfit&#8221; _builder_version=&#8221;4.1&#8243; custom_margin=&#8221;||||false|false&#8221; custom_margin_tablet=&#8221;||50px||false|false&#8221; custom_margin_phone=&#8221;||||false|false&#8221; custom_margin_last_edited=&#8221;on|tablet&#8221;][\/et_pb_image][\/et_pb_column][\/et_pb_row][\/et_pb_section][et_pb_section fb_built=&#8221;1&#8243; _builder_version=&#8221;4.0.6&#8243; background_image=&#8221;https:\/\/dsmontage.dk\/wp-content\/uploads\/2019\/12\/14-scaled.jpeg&#8221; parallax=&#8221;on&#8221; parallax_method=&#8221;off&#8221; custom_padding=&#8221;||0px||false|false&#8221;][et_pb_row _builder_version=&#8221;4.0.11&#8243; width=&#8221;100%&#8221; max_width=&#8221;100%&#8221; max_width_tablet=&#8221;&#8221; max_width_phone=&#8221;90vw&#8221; max_width_last_edited=&#8221;on|phone&#8221; min_height=&#8221;100vh&#8221; custom_margin=&#8221;||0px||false|false&#8221; animation_direction=&#8221;top&#8221;][et_pb_column type=&#8221;4_4&#8243; _builder_version=&#8221;4.0.6&#8243;][\/et_pb_column][\/et_pb_row][et_pb_row custom_padding_last_edited=&#8221;on|phone&#8221; _builder_version=&#8221;4.0.9&#8243; background_color=&#8221;rgba(0,45,60,0.8)&#8221; width=&#8221;100%&#8221; max_width=&#8221;100%&#8221; module_alignment=&#8221;center&#8221; custom_padding=&#8221;3%||3%||false|false&#8221; custom_padding_tablet=&#8221;3%||||false|false&#8221; custom_padding_phone=&#8221;3%||3%||false|false&#8221; animation_direction=&#8221;bottom&#8221;][et_pb_column type=&#8221;4_4&#8243; _builder_version=&#8221;4.0.4&#8243;][et_pb_text _builder_version=&#8221;4.0.11&#8243; header_2_text_align=&#8221;center&#8221; header_2_text_color=&#8221;#ffffff&#8221; background_enable_color=&#8221;off&#8221; max_width=&#8221;1080px&#8221; module_alignment=&#8221;center&#8221; custom_padding=&#8221;50px|50px|50px|50px|true|true&#8221; animation_style=&#8221;slide&#8221; animation_direction=&#8221;bottom&#8221; animation_intensity_slide=&#8221;10%&#8221;]<\/p>\n<h2>Contact us<\/h2>\n<div class=\"frm_forms  with_frm_style frm_style_hvid-stil\" id=\"frm_form_3_container\" >\n<form enctype=\"multipart\/form-data\" method=\"post\" class=\"frm-show-form  frm_pro_form \" id=\"form_kontakt-form3\" >\n<div class=\"frm_form_fields \">\n<fieldset>\n<legend class=\"frm_screen_reader\">Kontakt-form (English\/White)<\/legend>\r\n\r\n<div class=\"frm_fields_container\">\n<input type=\"hidden\" name=\"frm_action\" value=\"create\" \/>\n<input type=\"hidden\" name=\"form_id\" value=\"3\" \/>\n<input type=\"hidden\" name=\"frm_hide_fields_3\" id=\"frm_hide_fields_3\" value=\"\" \/>\n<input type=\"hidden\" name=\"form_key\" value=\"kontakt-form3\" \/>\n<input type=\"hidden\" name=\"item_meta[0]\" value=\"\" \/>\n<input type=\"hidden\" id=\"frm_submit_entry_3\" name=\"frm_submit_entry_3\" value=\"d3f8e86b57\" \/><input type=\"hidden\" name=\"_wp_http_referer\" value=\"\/en\/wp-json\/wp\/v2\/pages\/5537\" \/><div id=\"frm_field_13_container\" class=\"frm_form_field form-field  frm_required_field frm_none_container frm_half frm_first\">\r\n    <label for=\"field_qh4icy3\" id=\"field_qh4icy3_label\" class=\"frm_primary_label\">\r\n        <span class=\"frm_required\"><\/span>\r\n    <\/label>\r\n    <input  type=\"text\" id=\"field_qh4icy3\" name=\"item_meta[13]\" value=\"\"  placeholder=\"Name\" data-reqmsg=\"This field cannot be blank.\" aria-required=\"true\" data-invmsg=\"Name is invalid\" aria-invalid=\"false\"   \/>\r\n    \r\n    \r\n<\/div>\n<div id=\"frm_field_14_container\" class=\"frm_form_field form-field  frm_required_field frm_top_container frm_half\">\r\n    <label for=\"field_dkt3l3\" id=\"field_dkt3l3_label\" class=\"frm_primary_label\">\r\n        <span class=\"frm_required\"><\/span>\r\n    <\/label>\r\n    <input  type=\"text\" id=\"field_dkt3l3\" name=\"item_meta[14]\" value=\"\"  placeholder=\"Phone\" data-reqmsg=\"This field cannot be blank.\" aria-required=\"true\" data-invmsg=\"Text is invalid\" aria-invalid=\"false\"   \/>\r\n    \r\n    \r\n<\/div>\n<div id=\"frm_field_15_container\" class=\"frm_form_field form-field  frm_required_field frm_none_container frm_full\">\r\n    <label for=\"field_29yf4d3\" id=\"field_29yf4d3_label\" class=\"frm_primary_label\">\r\n        <span class=\"frm_required\"><\/span>\r\n    <\/label>\r\n    <input type=\"email\" id=\"field_29yf4d3\" name=\"item_meta[15]\" value=\"\"  placeholder=\"E-Mail\" data-reqmsg=\"This field cannot be blank.\" aria-required=\"true\" data-invmsg=\"Please enter a valid email address\" aria-invalid=\"false\"  \/>\r\n    \r\n    \r\n<\/div>\n<div id=\"frm_field_16_container\" class=\"frm_form_field form-field  frm_required_field frm_top_container frm_full\">\r\n    <label for=\"field_9jv0r13\" id=\"field_9jv0r13_label\" class=\"frm_primary_label\">\r\n        <span class=\"frm_required\"><\/span>\r\n    <\/label>\r\n    <textarea name=\"item_meta[16]\" id=\"field_9jv0r13\" rows=\"5\"  placeholder=\"Message\" data-reqmsg=\"This field cannot be blank.\" aria-required=\"true\" data-invmsg=\"This field is invalid\" aria-invalid=\"false\"  ><\/textarea>\r\n    \r\n    \r\n<\/div>\n<div id=\"frm_field_18_container\" class=\"frm_form_field form-field  frm_none_container\">\n    <label for=\"g-recaptcha-response\" id=\"field_prsb5_label\" class=\"frm_primary_label\">reCAPTCHA\n        <span class=\"frm_required\"><\/span>\n    <\/label>\n    <div  id=\"field_prsb5\" class=\"g-recaptcha\" data-sitekey=\"6LdUdUEeAAAAAMhar_sqXfofsN3sGve50J7Id4H2\" data-size=\"invisible\" data-theme=\"light\" data-callback=\"frmAfterRecaptcha\"><\/div>\n    \n    \n<\/div>\n\t<input type=\"hidden\" name=\"item_key\" value=\"\" \/>\n\t\t\t<div id=\"frm_field_21_container\">\n\t\t\t<label for=\"field_1tduh\" >\n\t\t\t\tIf you are human, leave this field blank.\t\t\t<\/label>\n\t\t\t<input  id=\"field_1tduh\" type=\"text\" class=\"frm_form_field form-field frm_verify\" name=\"item_meta[21]\" value=\"\"  \/>\n\t\t<\/div>\n\t\t<input name=\"frm_state\" type=\"hidden\" value=\"h57FcMMymXl5SG\/Dy0ONhqKMfVMuuEpxSzUFoQThTuhYfWLHkSq4g6ECb4A0GIzP\" \/><div class=\"frm_submit\">\r\n\r\n<button class=\"frm_button_submit frm_final_submit\" type=\"submit\"   formnovalidate=\"formnovalidate\">Send Message<\/button>\r\n\r\n<\/div><\/div>\n<\/fieldset>\n<\/div>\n<script type=\"text\/javascript\">var input = document.createElement('input');\n    input.setAttribute('type', 'hidden');\n    input.setAttribute('name', 'ct_checkjs_frm');\n    input.setAttribute('value', 'f01c450922ee306ddb142562dedfe13513523664abbbc27438fa8ed8ab81ee8f');\n    for (i = 0; i < document.forms.length; i++) {\n        if (typeof document.forms[i].id == 'string'){\n\t\t\tif(document.forms[i].id.search('form_kontakt-form3') != -1) {\n            document.forms[i].appendChild(input);\n\t\t\t}\n        }\n    }<\/script>\n\n<\/form>\n<\/div>\n\n<p>[\/et_pb_text][\/et_pb_column][\/et_pb_row][\/et_pb_section]<\/p>\n","protected":false},"excerpt":{"rendered":"<p>FILTER HOUSING BY DANSK ST\u00c5LMONTAGEWhen you choose a filter housing by Dansk St\u00e5lmontage, you get an absolutely top-quality filter housing. Dansk St\u00e5lmontage has extensive experience of producing filter housings. Our filter housings are used by the food industry, which has the most stringent quality requirements. You can read more about the DS Filter Housing below, [&hellip;]<\/p>\n","protected":false},"author":5,"featured_media":0,"parent":0,"menu_order":0,"comment_status":"closed","ping_status":"closed","template":"","meta":{"_et_pb_use_builder":"on","_et_pb_old_content":"","_et_gb_content_width":"","footnotes":""},"class_list":["post-5537","page","type-page","status-publish","hentry"],"yoast_head":"<!-- This site is optimized with the Yoast SEO plugin v27.4 - https:\/\/yoast.com\/product\/yoast-seo-wordpress\/ -->\n<title>FILTER HOUSING - Dansk St\u00e5lmontage A\/S<\/title>\n<meta name=\"robots\" content=\"index, follow, max-snippet:-1, max-image-preview:large, max-video-preview:-1\" \/>\n<link rel=\"canonical\" href=\"https:\/\/dsmontage.dk\/en\/filter-housing\/\" \/>\n<meta property=\"og:locale\" content=\"en_US\" \/>\n<meta property=\"og:type\" content=\"article\" \/>\n<meta property=\"og:title\" content=\"FILTER HOUSING - Dansk St\u00e5lmontage A\/S\" \/>\n<meta property=\"og:description\" content=\"FILTER HOUSING BY DANSK ST\u00c5LMONTAGEWhen you choose a filter housing by Dansk St\u00e5lmontage, you get an absolutely top-quality filter housing. Dansk St\u00e5lmontage has extensive experience of producing filter housings. Our filter housings are used by the food industry, which has the most stringent quality requirements. You can read more about the DS Filter Housing below, [&hellip;]\" \/>\n<meta property=\"og:url\" content=\"https:\/\/dsmontage.dk\/en\/filter-housing\/\" \/>\n<meta property=\"og:site_name\" content=\"Dansk St\u00e5lmontage A\/S\" \/>\n<meta property=\"article:publisher\" content=\"https:\/\/www.facebook.com\/danskstaalmontage\/\" \/>\n<meta property=\"article:modified_time\" content=\"2020-01-16T14:40:27+00:00\" \/>\n<meta name=\"twitter:card\" content=\"summary_large_image\" \/>\n<meta name=\"twitter:label1\" content=\"Est. reading time\" \/>\n\t<meta name=\"twitter:data1\" content=\"5 minutes\" \/>\n<script type=\"application\/ld+json\" class=\"yoast-schema-graph\">{\"@context\":\"https:\\\/\\\/schema.org\",\"@graph\":[{\"@type\":\"WebPage\",\"@id\":\"https:\\\/\\\/dsmontage.dk\\\/en\\\/filter-housing\\\/\",\"url\":\"https:\\\/\\\/dsmontage.dk\\\/en\\\/filter-housing\\\/\",\"name\":\"FILTER HOUSING - Dansk St\u00e5lmontage A\\\/S\",\"isPartOf\":{\"@id\":\"https:\\\/\\\/dsmontage.dk\\\/#website\"},\"datePublished\":\"2019-12-18T15:14:15+00:00\",\"dateModified\":\"2020-01-16T14:40:27+00:00\",\"breadcrumb\":{\"@id\":\"https:\\\/\\\/dsmontage.dk\\\/en\\\/filter-housing\\\/#breadcrumb\"},\"inLanguage\":\"en-US\",\"potentialAction\":[{\"@type\":\"ReadAction\",\"target\":[\"https:\\\/\\\/dsmontage.dk\\\/en\\\/filter-housing\\\/\"]}]},{\"@type\":\"BreadcrumbList\",\"@id\":\"https:\\\/\\\/dsmontage.dk\\\/en\\\/filter-housing\\\/#breadcrumb\",\"itemListElement\":[{\"@type\":\"ListItem\",\"position\":1,\"name\":\"Home\",\"item\":\"https:\\\/\\\/dsmontage.dk\\\/\"},{\"@type\":\"ListItem\",\"position\":2,\"name\":\"FILTER HOUSING\"}]},{\"@type\":\"WebSite\",\"@id\":\"https:\\\/\\\/dsmontage.dk\\\/#website\",\"url\":\"https:\\\/\\\/dsmontage.dk\\\/\",\"name\":\"Dansk St\u00e5lmontage A\\\/S\",\"description\":\"Fremstilling og montage i metalbrancen.\",\"publisher\":{\"@id\":\"https:\\\/\\\/dsmontage.dk\\\/#organization\"},\"potentialAction\":[{\"@type\":\"SearchAction\",\"target\":{\"@type\":\"EntryPoint\",\"urlTemplate\":\"https:\\\/\\\/dsmontage.dk\\\/?s={search_term_string}\"},\"query-input\":{\"@type\":\"PropertyValueSpecification\",\"valueRequired\":true,\"valueName\":\"search_term_string\"}}],\"inLanguage\":\"en-US\"},{\"@type\":\"Organization\",\"@id\":\"https:\\\/\\\/dsmontage.dk\\\/#organization\",\"name\":\"Dansk St\u00e5lmontage A\\\/S\",\"url\":\"https:\\\/\\\/dsmontage.dk\\\/\",\"logo\":{\"@type\":\"ImageObject\",\"inLanguage\":\"en-US\",\"@id\":\"https:\\\/\\\/dsmontage.dk\\\/#\\\/schema\\\/logo\\\/image\\\/\",\"url\":\"https:\\\/\\\/dsmontage.dk\\\/wp-content\\\/uploads\\\/2019\\\/11\\\/Logo-svg.svg\",\"contentUrl\":\"https:\\\/\\\/dsmontage.dk\\\/wp-content\\\/uploads\\\/2019\\\/11\\\/Logo-svg.svg\",\"width\":3000,\"height\":583,\"caption\":\"Dansk St\u00e5lmontage A\\\/S\"},\"image\":{\"@id\":\"https:\\\/\\\/dsmontage.dk\\\/#\\\/schema\\\/logo\\\/image\\\/\"},\"sameAs\":[\"https:\\\/\\\/www.facebook.com\\\/danskstaalmontage\\\/\"]}]}<\/script>\n<!-- \/ Yoast SEO plugin. -->","yoast_head_json":{"title":"FILTER HOUSING - Dansk St\u00e5lmontage A\/S","robots":{"index":"index","follow":"follow","max-snippet":"max-snippet:-1","max-image-preview":"max-image-preview:large","max-video-preview":"max-video-preview:-1"},"canonical":"https:\/\/dsmontage.dk\/en\/filter-housing\/","og_locale":"en_US","og_type":"article","og_title":"FILTER HOUSING - Dansk St\u00e5lmontage A\/S","og_description":"FILTER HOUSING BY DANSK ST\u00c5LMONTAGEWhen you choose a filter housing by Dansk St\u00e5lmontage, you get an absolutely top-quality filter housing. Dansk St\u00e5lmontage has extensive experience of producing filter housings. Our filter housings are used by the food industry, which has the most stringent quality requirements. You can read more about the DS Filter Housing below, [&hellip;]","og_url":"https:\/\/dsmontage.dk\/en\/filter-housing\/","og_site_name":"Dansk St\u00e5lmontage A\/S","article_publisher":"https:\/\/www.facebook.com\/danskstaalmontage\/","article_modified_time":"2020-01-16T14:40:27+00:00","twitter_card":"summary_large_image","twitter_misc":{"Est. reading time":"5 minutes"},"schema":{"@context":"https:\/\/schema.org","@graph":[{"@type":"WebPage","@id":"https:\/\/dsmontage.dk\/en\/filter-housing\/","url":"https:\/\/dsmontage.dk\/en\/filter-housing\/","name":"FILTER HOUSING - Dansk St\u00e5lmontage A\/S","isPartOf":{"@id":"https:\/\/dsmontage.dk\/#website"},"datePublished":"2019-12-18T15:14:15+00:00","dateModified":"2020-01-16T14:40:27+00:00","breadcrumb":{"@id":"https:\/\/dsmontage.dk\/en\/filter-housing\/#breadcrumb"},"inLanguage":"en-US","potentialAction":[{"@type":"ReadAction","target":["https:\/\/dsmontage.dk\/en\/filter-housing\/"]}]},{"@type":"BreadcrumbList","@id":"https:\/\/dsmontage.dk\/en\/filter-housing\/#breadcrumb","itemListElement":[{"@type":"ListItem","position":1,"name":"Home","item":"https:\/\/dsmontage.dk\/"},{"@type":"ListItem","position":2,"name":"FILTER HOUSING"}]},{"@type":"WebSite","@id":"https:\/\/dsmontage.dk\/#website","url":"https:\/\/dsmontage.dk\/","name":"Dansk St\u00e5lmontage A\/S","description":"Fremstilling og montage i metalbrancen.","publisher":{"@id":"https:\/\/dsmontage.dk\/#organization"},"potentialAction":[{"@type":"SearchAction","target":{"@type":"EntryPoint","urlTemplate":"https:\/\/dsmontage.dk\/?s={search_term_string}"},"query-input":{"@type":"PropertyValueSpecification","valueRequired":true,"valueName":"search_term_string"}}],"inLanguage":"en-US"},{"@type":"Organization","@id":"https:\/\/dsmontage.dk\/#organization","name":"Dansk St\u00e5lmontage A\/S","url":"https:\/\/dsmontage.dk\/","logo":{"@type":"ImageObject","inLanguage":"en-US","@id":"https:\/\/dsmontage.dk\/#\/schema\/logo\/image\/","url":"https:\/\/dsmontage.dk\/wp-content\/uploads\/2019\/11\/Logo-svg.svg","contentUrl":"https:\/\/dsmontage.dk\/wp-content\/uploads\/2019\/11\/Logo-svg.svg","width":3000,"height":583,"caption":"Dansk St\u00e5lmontage A\/S"},"image":{"@id":"https:\/\/dsmontage.dk\/#\/schema\/logo\/image\/"},"sameAs":["https:\/\/www.facebook.com\/danskstaalmontage\/"]}]}},"_links":{"self":[{"href":"https:\/\/dsmontage.dk\/en\/wp-json\/wp\/v2\/pages\/5537","targetHints":{"allow":["GET"]}}],"collection":[{"href":"https:\/\/dsmontage.dk\/en\/wp-json\/wp\/v2\/pages"}],"about":[{"href":"https:\/\/dsmontage.dk\/en\/wp-json\/wp\/v2\/types\/page"}],"author":[{"embeddable":true,"href":"https:\/\/dsmontage.dk\/en\/wp-json\/wp\/v2\/users\/5"}],"replies":[{"embeddable":true,"href":"https:\/\/dsmontage.dk\/en\/wp-json\/wp\/v2\/comments?post=5537"}],"version-history":[{"count":0,"href":"https:\/\/dsmontage.dk\/en\/wp-json\/wp\/v2\/pages\/5537\/revisions"}],"wp:attachment":[{"href":"https:\/\/dsmontage.dk\/en\/wp-json\/wp\/v2\/media?parent=5537"}],"curies":[{"name":"wp","href":"https:\/\/api.w.org\/{rel}","templated":true}]}}