{"id":7993,"date":"2022-08-30T16:02:09","date_gmt":"2022-08-30T15:02:09","guid":{"rendered":"https:\/\/dsmontage.dk\/food-pharma-uk\/"},"modified":"2024-06-12T10:21:01","modified_gmt":"2024-06-12T09:21:01","slug":"food-pharma","status":"publish","type":"page","link":"https:\/\/dsmontage.dk\/en\/food-pharma\/","title":{"rendered":"Food &#8211; Pharma"},"content":{"rendered":"<p>[et_pb_section fb_built=&#8221;1&#8243; fullwidth=&#8221;on&#8221; _builder_version=&#8221;4.16&#8243; background_enable_color=&#8221;off&#8221; background_image=&#8221;https:\/\/dsmontage.dk\/wp-content\/uploads\/2019\/11\/F\u00f8devareanl\u00e6g-set-p\u00e5-afstand-scaled.jpeg&#8221; parallax=&#8221;on&#8221; parallax_method=&#8221;off&#8221; background_enable_video_mp4=&#8221;off&#8221; background_video_width=&#8221;100%&#8221; min_height=&#8221;60vh&#8221; animation_style=&#8221;fade&#8221; global_colors_info=&#8221;{}&#8221;][et_pb_fullwidth_header title=&#8221;Food &#8211; Pharma&#8221; text_orientation=&#8221;center&#8221; button_one_url=&#8221;https:\/\/dsmontage.dk\/wp-content\/uploads\/2019\/11\/small-scale-anlaeg-brochure-pdf.pdf&#8221; _builder_version=&#8221;4.17.3&#8243; title_text_color=&#8221;#ffffff&#8221; title_font_size=&#8221;74px&#8221; subhead_text_color=&#8221;#006643&#8243; background_color=&#8221;rgba(0,34,58,0.5)&#8221; custom_button_one=&#8221;on&#8221; button_one_text_size=&#8221;15px&#8221; button_one_text_color=&#8221;#ffffff&#8221; button_one_bg_color=&#8221;#006643&#8243; button_one_border_width=&#8221;0px&#8221; button_one_border_radius=&#8221;5px&#8221; button_one_letter_spacing=&#8221;0px&#8221; button_one_font=&#8221;|300|||||||&#8221; button_one_icon=&#8221;&#x69;||divi||400&#8243; button_one_icon_placement=&#8221;left&#8221; button_one_on_hover=&#8221;off&#8221; button_one_custom_padding=&#8221;20px||20px||true|true&#8221; min_height=&#8221;70vh&#8221; custom_margin=&#8221;||||false|false&#8221; custom_padding=&#8221;||||false|false&#8221; link_option_url_new_window=&#8221;on&#8221; title_text_align_tablet=&#8221;center&#8221; title_text_align_phone=&#8221;&#8221; title_text_align_last_edited=&#8221;on|desktop&#8221; title_font_size_tablet=&#8221;54px&#8221; title_font_size_phone=&#8221;46px&#8221; title_font_size_last_edited=&#8221;on|tablet&#8221; global_colors_info=&#8221;{}&#8221; button_one_bg_color__hover=&#8221;rgba(0,102,67,0.85)&#8221; button_one_bg_color__hover_enabled=&#8221;on|hover&#8221; button_one_bg_enable_color__hover=&#8221;on&#8221;][\/et_pb_fullwidth_header][\/et_pb_section][et_pb_section fb_built=&#8221;1&#8243; _builder_version=&#8221;4.16&#8243; custom_padding=&#8221;||||false|false&#8221; global_colors_info=&#8221;{}&#8221;][et_pb_row _builder_version=&#8221;4.16&#8243; module_alignment=&#8221;center&#8221; custom_margin=&#8221;||||false|false&#8221; custom_padding=&#8221;||||false|false&#8221; animation_style=&#8221;slide&#8221; animation_direction=&#8221;top&#8221; animation_intensity_slide=&#8221;10%&#8221; global_colors_info=&#8221;{}&#8221; row_phone=&#8221;90vw&#8221; row_last_edited=&#8221;on|desktop&#8221;][et_pb_column type=&#8221;4_4&#8243; _builder_version=&#8221;4.16&#8243; global_colors_info=&#8221;{}&#8221;][et_pb_text _builder_version=&#8221;4.18.0&#8243; header_2_text_align=&#8221;center&#8221; global_colors_info=&#8221;{}&#8221;]<\/p>\n<h2><span class=\"Y2IQFc\" lang=\"en\">Process plant for the food and pharmaceutical industry<\/span><\/h2>\n<p>[\/et_pb_text][et_pb_text _builder_version=&#8221;4.18.0&#8243; header_text_align=&#8221;center&#8221; header_text_color=&#8221;#006643&#8243; text_orientation=&#8221;center&#8221; global_colors_info=&#8221;{}&#8221;]<\/p>\n<p><span class=\"Y2IQFc\" lang=\"en\">At Dansk St\u00e5lmontage, we have many years of experience in manufacturing process plants for the food industry.<\/span><\/p>\n<p>[\/et_pb_text][\/et_pb_column][\/et_pb_row][\/et_pb_section][et_pb_section fb_built=&#8221;1&#8243; _builder_version=&#8221;4.16&#8243; custom_margin=&#8221;||||false|false&#8221; global_colors_info=&#8221;{}&#8221;][et_pb_row column_structure=&#8221;1_2,1_2&#8243; use_custom_gutter=&#8221;on&#8221; gutter_width=&#8221;1&#8243; make_equal=&#8221;on&#8221; _builder_version=&#8221;4.16&#8243; width=&#8221;100%&#8221; max_width=&#8221;90vw&#8221; module_alignment=&#8221;center&#8221; custom_margin=&#8221;|auto||auto|false|false&#8221; custom_padding=&#8221;||0px||false|false&#8221; animation_style=&#8221;slide&#8221; animation_direction=&#8221;top&#8221; animation_intensity_slide=&#8221;10%&#8221; global_colors_info=&#8221;{}&#8221;][et_pb_column type=&#8221;1_2&#8243; _builder_version=&#8221;4.16&#8243; custom_css_main_element=&#8221;margin: auto;&#8221; global_colors_info=&#8221;{}&#8221;][et_pb_image src=&#8221;https:\/\/dsmontage.dk\/wp-content\/uploads\/2019\/11\/2-f\u00f8devareanl\u00e6g-ved-siden-af-hinanden-scaled.jpeg&#8221; module_class=&#8221;objectfit&#8221; _builder_version=&#8221;4.16&#8243; custom_margin=&#8221;||||false|false&#8221; custom_margin_tablet=&#8221;||50px||false|false&#8221; custom_margin_phone=&#8221;||||false|false&#8221; custom_margin_last_edited=&#8221;on|tablet&#8221; global_colors_info=&#8221;{}&#8221;][\/et_pb_image][\/et_pb_column][et_pb_column type=&#8221;1_2&#8243; module_class=&#8221;first-on-mobile&#8221; _builder_version=&#8221;4.16&#8243; custom_padding=&#8221;0%|5%|0%|5%|true|true&#8221; custom_padding_tablet=&#8221;5%|2%|5%|2%|true|true&#8221; custom_padding_phone=&#8221;&#8221; custom_padding_last_edited=&#8221;on|tablet&#8221; custom_css_main_element=&#8221;margin: auto;&#8221; global_colors_info=&#8221;{}&#8221;][et_pb_text _builder_version=&#8221;4.18.0&#8243; header_2_text_align=&#8221;center&#8221; global_colors_info=&#8221;{}&#8221;]<\/p>\n<h2><span class=\"Y2IQFc\" lang=\"en\">Larger spray drying plant<\/span><\/h2>\n<p>[\/et_pb_text][et_pb_text _builder_version=&#8221;4.18.0&#8243; header_text_align=&#8221;center&#8221; header_text_color=&#8221;#006643&#8243; text_orientation=&#8221;center&#8221; global_colors_info=&#8221;{}&#8221;]<\/p>\n<p><span class=\"Y2IQFc\" lang=\"en\">For the past several years, we have especially specialized in manufacturing small scale plants. The facilities can be compared to an entire factory just on a smaller scale. Typically, the plants are used for powder production &#8211; this could be milk powder, for example. <\/span><\/p>\n<p><span class=\"Y2IQFc\" lang=\"en\">In addition to the manufacture of small scale systems, we also have extensive experience with repair tasks of larger spray drying systems. It is typically repairs inside the spray drying chamber itself that we deal with. It can be both minor repairs and replacement of the entire interior lining. Here we have a great advantage, as we have manufactured a hanging platform in aluminum that has been developed for repairs or the construction of spray drying systems.<\/span><\/p>\n<p>[\/et_pb_text][\/et_pb_column][\/et_pb_row][et_pb_row column_structure=&#8221;1_2,1_2&#8243; use_custom_gutter=&#8221;on&#8221; gutter_width=&#8221;1&#8243; make_equal=&#8221;on&#8221; module_class=&#8221;custom_row&#8221; _builder_version=&#8221;4.16&#8243; width=&#8221;100%&#8221; max_width=&#8221;90vw&#8221; module_alignment=&#8221;center&#8221; custom_margin=&#8221;||||false|false&#8221; custom_margin_tablet=&#8221;||50px||false|false&#8221; custom_margin_phone=&#8221;||||false|false&#8221; custom_margin_last_edited=&#8221;on|desktop&#8221; custom_padding=&#8221;0px|||||&#8221; animation_style=&#8221;slide&#8221; animation_direction=&#8221;top&#8221; animation_intensity_slide=&#8221;10%&#8221; global_colors_info=&#8221;{}&#8221;][et_pb_column type=&#8221;1_2&#8243; module_class=&#8221;second-on-mobile&#8221; _builder_version=&#8221;4.16&#8243; custom_padding=&#8221;0%|5%|0%|5%|true|true&#8221; custom_padding_tablet=&#8221;5%|2%|5%|2%|true|true&#8221; custom_padding_phone=&#8221;&#8221; custom_padding_last_edited=&#8221;on|tablet&#8221; custom_css_main_element=&#8221;margin: auto;&#8221; global_colors_info=&#8221;{}&#8221;][et_pb_text _builder_version=&#8221;4.18.0&#8243; header_2_text_align=&#8221;center&#8221; global_colors_info=&#8221;{}&#8221;]<\/p>\n<h2><span class=\"Y2IQFc\" lang=\"en\">The competences and the premises<\/span><\/h2>\n<p>[\/et_pb_text][et_pb_text _builder_version=&#8221;4.18.0&#8243; header_text_align=&#8221;center&#8221; header_text_color=&#8221;#006643&#8243; text_orientation=&#8221;center&#8221; hover_enabled=&#8221;0&#8243; global_colors_info=&#8221;{}&#8221; sticky_enabled=&#8221;0&#8243;]<\/p>\n<p><span class=\"Y2IQFc\" lang=\"en\">At Dansk St\u00e5lmontage, we have the skills and premises to both manufacture and install process plants for the food industry here under small scale plants. After installing valves, instruments, etc. do we have the opportunity to test drive the system with water. We do this to simulate a real operating situation. If, contrary to expectations, there is a fault in the spray drying system, we will detect it here before it is sent off to the customer. <\/span><\/p>\n<p><span class=\"Y2IQFc\" lang=\"en\"><\/span><\/p>\n<p><span class=\"Y2IQFc\" lang=\"en\">After the trial run, the small scale plant is dismantled and packaged for transport to the end customer. We manufacture all material for the spray drying systems ourselves according to drawings from our customers. If desired by the customer, we can take care of all aspects of the task \u2013 everything from surveying, drawings and manpower to tools, local subcontractors etc.<\/span><\/p>\n<p><a href=\"https:\/\/dsmontage.dk\/en\/contact\/\"><span class=\"Y2IQFc\" lang=\"en\">Contact Dansk St\u00e5lmontage and find out more about how we can bid on your project.<\/span><\/a><a href=\"kontakt\"><\/a><\/p>\n<p>[\/et_pb_text][\/et_pb_column][et_pb_column type=&#8221;1_2&#8243; module_class=&#8221;first-on-mobile&#8221; _builder_version=&#8221;4.16&#8243; custom_css_main_element=&#8221;margin: auto;&#8221; global_colors_info=&#8221;{}&#8221;][et_pb_image src=&#8221;https:\/\/dsmontage.dk\/wp-content\/uploads\/2022\/09\/fertin.jpg&#8221; title_text=&#8221;fertin&#8221; module_class=&#8221;objectfit&#8221; _builder_version=&#8221;4.18.0&#8243; custom_margin=&#8221;||||false|false&#8221; custom_margin_tablet=&#8221;||50px||false|false&#8221; custom_margin_phone=&#8221;||||false|false&#8221; custom_margin_last_edited=&#8221;on|tablet&#8221; global_colors_info=&#8221;{}&#8221;][\/et_pb_image][\/et_pb_column][\/et_pb_row][\/et_pb_section][et_pb_section fb_built=&#8221;1&#8243; _builder_version=&#8221;4.16&#8243; background_image=&#8221;https:\/\/dsmontage.dk\/wp-content\/uploads\/2019\/11\/3D18A0D5-5CDD-4849-97F7-AE6F7274F6DE.jpeg&#8221; parallax=&#8221;on&#8221; parallax_method=&#8221;off&#8221; custom_padding=&#8221;||0px||false|false&#8221; global_colors_info=&#8221;{}&#8221;][et_pb_row _builder_version=&#8221;4.16&#8243; width=&#8221;100%&#8221; max_width=&#8221;100%&#8221; max_width_phone=&#8221;90vw&#8221; max_width_last_edited=&#8221;off|desktop&#8221; min_height=&#8221;100vh&#8221; custom_margin=&#8221;||0px||false|false&#8221; animation_direction=&#8221;top&#8221; global_colors_info=&#8221;{}&#8221;][et_pb_column type=&#8221;4_4&#8243; _builder_version=&#8221;4.16&#8243; global_colors_info=&#8221;{}&#8221;][\/et_pb_column][\/et_pb_row][et_pb_row _builder_version=&#8221;4.16&#8243; background_color=&#8221;rgba(0,45,60,0.8)&#8221; width=&#8221;100%&#8221; max_width=&#8221;100%&#8221; module_alignment=&#8221;center&#8221; animation_direction=&#8221;bottom&#8221; global_colors_info=&#8221;{}&#8221;][et_pb_column type=&#8221;4_4&#8243; _builder_version=&#8221;4.16&#8243; global_colors_info=&#8221;{}&#8221;][et_pb_text _builder_version=&#8221;4.18.0&#8243; header_2_text_align=&#8221;center&#8221; header_2_text_color=&#8221;#ffffff&#8221; background_enable_color=&#8221;off&#8221; max_width=&#8221;1080px&#8221; module_alignment=&#8221;center&#8221; custom_padding=&#8221;50px|50px|50px|50px|true|true&#8221; animation_style=&#8221;slide&#8221; animation_direction=&#8221;bottom&#8221; animation_intensity_slide=&#8221;10%&#8221; global_colors_info=&#8221;{}&#8221;]<\/p>\n<h2>Contact us<\/h2>\n<div class=\"frm_forms  with_frm_style frm_style_hvid-stil\" id=\"frm_form_3_container\" >\n<form enctype=\"multipart\/form-data\" method=\"post\" class=\"frm-show-form  frm_pro_form \" id=\"form_kontakt-form3\" >\n<div class=\"frm_form_fields \">\n<fieldset>\n<legend class=\"frm_screen_reader\">Kontakt-form (English\/White)<\/legend>\r\n\r\n<div class=\"frm_fields_container\">\n<input type=\"hidden\" name=\"frm_action\" value=\"create\" \/>\n<input type=\"hidden\" name=\"form_id\" value=\"3\" \/>\n<input type=\"hidden\" name=\"frm_hide_fields_3\" id=\"frm_hide_fields_3\" value=\"\" \/>\n<input type=\"hidden\" name=\"form_key\" value=\"kontakt-form3\" \/>\n<input type=\"hidden\" name=\"item_meta[0]\" value=\"\" \/>\n<input type=\"hidden\" id=\"frm_submit_entry_3\" name=\"frm_submit_entry_3\" value=\"b07c541960\" \/><input type=\"hidden\" name=\"_wp_http_referer\" value=\"\/en\/wp-json\/wp\/v2\/pages\/7993\" \/><div id=\"frm_field_13_container\" class=\"frm_form_field form-field  frm_required_field frm_none_container frm_half frm_first\">\r\n    <label for=\"field_qh4icy3\" id=\"field_qh4icy3_label\" class=\"frm_primary_label\">\r\n        <span class=\"frm_required\"><\/span>\r\n    <\/label>\r\n    <input  type=\"text\" id=\"field_qh4icy3\" name=\"item_meta[13]\" value=\"\"  placeholder=\"Name\" data-reqmsg=\"This field cannot be blank.\" aria-required=\"true\" data-invmsg=\"Name is invalid\" aria-invalid=\"false\"   \/>\r\n    \r\n    \r\n<\/div>\n<div id=\"frm_field_14_container\" class=\"frm_form_field form-field  frm_required_field frm_top_container frm_half\">\r\n    <label for=\"field_dkt3l3\" id=\"field_dkt3l3_label\" class=\"frm_primary_label\">\r\n        <span class=\"frm_required\"><\/span>\r\n    <\/label>\r\n    <input  type=\"text\" id=\"field_dkt3l3\" name=\"item_meta[14]\" value=\"\"  placeholder=\"Phone\" data-reqmsg=\"This field cannot be blank.\" aria-required=\"true\" data-invmsg=\"Text is invalid\" aria-invalid=\"false\"   \/>\r\n    \r\n    \r\n<\/div>\n<div id=\"frm_field_15_container\" class=\"frm_form_field form-field  frm_required_field frm_none_container frm_full\">\r\n    <label for=\"field_29yf4d3\" id=\"field_29yf4d3_label\" class=\"frm_primary_label\">\r\n        <span class=\"frm_required\"><\/span>\r\n    <\/label>\r\n    <input type=\"email\" id=\"field_29yf4d3\" name=\"item_meta[15]\" value=\"\"  placeholder=\"E-Mail\" data-reqmsg=\"This field cannot be blank.\" aria-required=\"true\" data-invmsg=\"Please enter a valid email address\" aria-invalid=\"false\"  \/>\r\n    \r\n    \r\n<\/div>\n<div id=\"frm_field_16_container\" class=\"frm_form_field form-field  frm_required_field frm_top_container frm_full\">\r\n    <label for=\"field_9jv0r13\" id=\"field_9jv0r13_label\" class=\"frm_primary_label\">\r\n        <span class=\"frm_required\"><\/span>\r\n    <\/label>\r\n    <textarea name=\"item_meta[16]\" id=\"field_9jv0r13\" rows=\"5\"  placeholder=\"Message\" data-reqmsg=\"This field cannot be blank.\" aria-required=\"true\" data-invmsg=\"This field is invalid\" aria-invalid=\"false\"  ><\/textarea>\r\n    \r\n    \r\n<\/div>\n<div id=\"frm_field_18_container\" class=\"frm_form_field form-field  frm_none_container\">\n    <label for=\"g-recaptcha-response\" id=\"field_prsb5_label\" class=\"frm_primary_label\">reCAPTCHA\n        <span class=\"frm_required\"><\/span>\n    <\/label>\n    <div  id=\"field_prsb5\" class=\"g-recaptcha\" data-sitekey=\"6LdUdUEeAAAAAMhar_sqXfofsN3sGve50J7Id4H2\" data-size=\"invisible\" data-theme=\"light\" data-callback=\"frmAfterRecaptcha\"><\/div>\n    \n    \n<\/div>\n\t<input type=\"hidden\" name=\"item_key\" value=\"\" \/>\n\t\t\t<div id=\"frm_field_21_container\">\n\t\t\t<label for=\"field_re2bd\" >\n\t\t\t\tIf you are human, leave this field blank.\t\t\t<\/label>\n\t\t\t<input  id=\"field_re2bd\" type=\"text\" class=\"frm_form_field form-field frm_verify\" name=\"item_meta[21]\" value=\"\"  \/>\n\t\t<\/div>\n\t\t<input name=\"frm_state\" type=\"hidden\" value=\"h57FcMMymXl5SG\/Dy0ONhl4U0DQyL0gsgeWJIXVGBPRYfWLHkSq4g6ECb4A0GIzP\" \/><div class=\"frm_submit\">\r\n\r\n<button class=\"frm_button_submit frm_final_submit\" type=\"submit\"   formnovalidate=\"formnovalidate\">Send Message<\/button>\r\n\r\n<\/div><\/div>\n<\/fieldset>\n<\/div>\n<script type=\"text\/javascript\">var input = document.createElement('input');\n    input.setAttribute('type', 'hidden');\n    input.setAttribute('name', 'ct_checkjs_frm');\n    input.setAttribute('value', 'f01c450922ee306ddb142562dedfe13513523664abbbc27438fa8ed8ab81ee8f');\n    for (i = 0; i < document.forms.length; i++) {\n        if (typeof document.forms[i].id == 'string'){\n\t\t\tif(document.forms[i].id.search('form_kontakt-form3') != -1) {\n            document.forms[i].appendChild(input);\n\t\t\t}\n        }\n    }<\/script>\n\n<\/form>\n<\/div>\n\n<p>[\/et_pb_text][\/et_pb_column][\/et_pb_row][\/et_pb_section]<\/p>\n","protected":false},"excerpt":{"rendered":"<p>Process plant for the food and pharmaceutical industryAt Dansk St\u00e5lmontage, we have many years of experience in manufacturing process plants for the food industry.Larger spray drying plantFor the past several years, we have especially specialized in manufacturing small scale plants. The facilities can be compared to an entire factory just on a smaller scale. Typically, [&hellip;]<\/p>\n","protected":false},"author":5,"featured_media":0,"parent":0,"menu_order":0,"comment_status":"closed","ping_status":"closed","template":"","meta":{"_et_pb_use_builder":"on","_et_pb_old_content":"","_et_gb_content_width":"","footnotes":""},"class_list":["post-7993","page","type-page","status-publish","hentry"],"yoast_head":"<!-- This site is optimized with the Yoast SEO plugin v27.4 - https:\/\/yoast.com\/product\/yoast-seo-wordpress\/ -->\n<title>Procesanl\u00e6g til f\u00f8devareindustrien \u2192 Dansk St\u00e5lmontage<\/title>\n<meta name=\"description\" content=\"Procesanl\u00e6g til f\u00f8devareindustrien. Vi er specialiserede i at fremstille \u2b50 small-scale anl\u00e6g og \u2b50reparationer af st\u00f8rre sprayt\u00f8rringsanl\u00e6g.\" \/>\n<meta name=\"robots\" content=\"index, follow, max-snippet:-1, max-image-preview:large, max-video-preview:-1\" \/>\n<link rel=\"canonical\" href=\"https:\/\/dsmontage.dk\/en\/food-pharma\/\" \/>\n<meta property=\"og:locale\" content=\"en_US\" \/>\n<meta property=\"og:type\" content=\"article\" \/>\n<meta property=\"og:title\" content=\"Procesanl\u00e6g til f\u00f8devareindustrien \u2192 Dansk St\u00e5lmontage\" \/>\n<meta property=\"og:description\" content=\"Procesanl\u00e6g til f\u00f8devareindustrien. Vi er specialiserede i at fremstille \u2b50 small-scale anl\u00e6g og \u2b50reparationer af st\u00f8rre sprayt\u00f8rringsanl\u00e6g.\" \/>\n<meta property=\"og:url\" content=\"https:\/\/dsmontage.dk\/en\/food-pharma\/\" \/>\n<meta property=\"og:site_name\" content=\"Dansk St\u00e5lmontage A\/S\" \/>\n<meta property=\"article:publisher\" content=\"https:\/\/www.facebook.com\/danskstaalmontage\/\" \/>\n<meta property=\"article:modified_time\" content=\"2024-06-12T09:21:01+00:00\" \/>\n<meta name=\"twitter:card\" content=\"summary_large_image\" \/>\n<meta name=\"twitter:label1\" content=\"Est. reading time\" \/>\n\t<meta name=\"twitter:data1\" content=\"3 minutes\" \/>\n<script type=\"application\/ld+json\" class=\"yoast-schema-graph\">{\"@context\":\"https:\\\/\\\/schema.org\",\"@graph\":[{\"@type\":\"WebPage\",\"@id\":\"https:\\\/\\\/dsmontage.dk\\\/en\\\/food-pharma\\\/\",\"url\":\"https:\\\/\\\/dsmontage.dk\\\/en\\\/food-pharma\\\/\",\"name\":\"Procesanl\u00e6g til f\u00f8devareindustrien \u2192 Dansk St\u00e5lmontage\",\"isPartOf\":{\"@id\":\"https:\\\/\\\/dsmontage.dk\\\/#website\"},\"datePublished\":\"2022-08-30T15:02:09+00:00\",\"dateModified\":\"2024-06-12T09:21:01+00:00\",\"description\":\"Procesanl\u00e6g til f\u00f8devareindustrien. Vi er specialiserede i at fremstille \u2b50 small-scale anl\u00e6g og \u2b50reparationer af st\u00f8rre sprayt\u00f8rringsanl\u00e6g.\",\"breadcrumb\":{\"@id\":\"https:\\\/\\\/dsmontage.dk\\\/en\\\/food-pharma\\\/#breadcrumb\"},\"inLanguage\":\"en-US\",\"potentialAction\":[{\"@type\":\"ReadAction\",\"target\":[\"https:\\\/\\\/dsmontage.dk\\\/en\\\/food-pharma\\\/\"]}]},{\"@type\":\"BreadcrumbList\",\"@id\":\"https:\\\/\\\/dsmontage.dk\\\/en\\\/food-pharma\\\/#breadcrumb\",\"itemListElement\":[{\"@type\":\"ListItem\",\"position\":1,\"name\":\"Home\",\"item\":\"https:\\\/\\\/dsmontage.dk\\\/\"},{\"@type\":\"ListItem\",\"position\":2,\"name\":\"Food &#8211; Pharma\"}]},{\"@type\":\"WebSite\",\"@id\":\"https:\\\/\\\/dsmontage.dk\\\/#website\",\"url\":\"https:\\\/\\\/dsmontage.dk\\\/\",\"name\":\"Dansk St\u00e5lmontage A\\\/S\",\"description\":\"Fremstilling og montage i metalbrancen.\",\"publisher\":{\"@id\":\"https:\\\/\\\/dsmontage.dk\\\/#organization\"},\"potentialAction\":[{\"@type\":\"SearchAction\",\"target\":{\"@type\":\"EntryPoint\",\"urlTemplate\":\"https:\\\/\\\/dsmontage.dk\\\/?s={search_term_string}\"},\"query-input\":{\"@type\":\"PropertyValueSpecification\",\"valueRequired\":true,\"valueName\":\"search_term_string\"}}],\"inLanguage\":\"en-US\"},{\"@type\":\"Organization\",\"@id\":\"https:\\\/\\\/dsmontage.dk\\\/#organization\",\"name\":\"Dansk St\u00e5lmontage A\\\/S\",\"url\":\"https:\\\/\\\/dsmontage.dk\\\/\",\"logo\":{\"@type\":\"ImageObject\",\"inLanguage\":\"en-US\",\"@id\":\"https:\\\/\\\/dsmontage.dk\\\/#\\\/schema\\\/logo\\\/image\\\/\",\"url\":\"https:\\\/\\\/dsmontage.dk\\\/wp-content\\\/uploads\\\/2019\\\/11\\\/Logo-svg.svg\",\"contentUrl\":\"https:\\\/\\\/dsmontage.dk\\\/wp-content\\\/uploads\\\/2019\\\/11\\\/Logo-svg.svg\",\"width\":3000,\"height\":583,\"caption\":\"Dansk St\u00e5lmontage A\\\/S\"},\"image\":{\"@id\":\"https:\\\/\\\/dsmontage.dk\\\/#\\\/schema\\\/logo\\\/image\\\/\"},\"sameAs\":[\"https:\\\/\\\/www.facebook.com\\\/danskstaalmontage\\\/\"]}]}<\/script>\n<!-- \/ Yoast SEO plugin. -->","yoast_head_json":{"title":"Procesanl\u00e6g til f\u00f8devareindustrien \u2192 Dansk St\u00e5lmontage","description":"Procesanl\u00e6g til f\u00f8devareindustrien. Vi er specialiserede i at fremstille \u2b50 small-scale anl\u00e6g og \u2b50reparationer af st\u00f8rre sprayt\u00f8rringsanl\u00e6g.","robots":{"index":"index","follow":"follow","max-snippet":"max-snippet:-1","max-image-preview":"max-image-preview:large","max-video-preview":"max-video-preview:-1"},"canonical":"https:\/\/dsmontage.dk\/en\/food-pharma\/","og_locale":"en_US","og_type":"article","og_title":"Procesanl\u00e6g til f\u00f8devareindustrien \u2192 Dansk St\u00e5lmontage","og_description":"Procesanl\u00e6g til f\u00f8devareindustrien. Vi er specialiserede i at fremstille \u2b50 small-scale anl\u00e6g og \u2b50reparationer af st\u00f8rre sprayt\u00f8rringsanl\u00e6g.","og_url":"https:\/\/dsmontage.dk\/en\/food-pharma\/","og_site_name":"Dansk St\u00e5lmontage A\/S","article_publisher":"https:\/\/www.facebook.com\/danskstaalmontage\/","article_modified_time":"2024-06-12T09:21:01+00:00","twitter_card":"summary_large_image","twitter_misc":{"Est. reading time":"3 minutes"},"schema":{"@context":"https:\/\/schema.org","@graph":[{"@type":"WebPage","@id":"https:\/\/dsmontage.dk\/en\/food-pharma\/","url":"https:\/\/dsmontage.dk\/en\/food-pharma\/","name":"Procesanl\u00e6g til f\u00f8devareindustrien \u2192 Dansk St\u00e5lmontage","isPartOf":{"@id":"https:\/\/dsmontage.dk\/#website"},"datePublished":"2022-08-30T15:02:09+00:00","dateModified":"2024-06-12T09:21:01+00:00","description":"Procesanl\u00e6g til f\u00f8devareindustrien. Vi er specialiserede i at fremstille \u2b50 small-scale anl\u00e6g og \u2b50reparationer af st\u00f8rre sprayt\u00f8rringsanl\u00e6g.","breadcrumb":{"@id":"https:\/\/dsmontage.dk\/en\/food-pharma\/#breadcrumb"},"inLanguage":"en-US","potentialAction":[{"@type":"ReadAction","target":["https:\/\/dsmontage.dk\/en\/food-pharma\/"]}]},{"@type":"BreadcrumbList","@id":"https:\/\/dsmontage.dk\/en\/food-pharma\/#breadcrumb","itemListElement":[{"@type":"ListItem","position":1,"name":"Home","item":"https:\/\/dsmontage.dk\/"},{"@type":"ListItem","position":2,"name":"Food &#8211; Pharma"}]},{"@type":"WebSite","@id":"https:\/\/dsmontage.dk\/#website","url":"https:\/\/dsmontage.dk\/","name":"Dansk St\u00e5lmontage A\/S","description":"Fremstilling og montage i metalbrancen.","publisher":{"@id":"https:\/\/dsmontage.dk\/#organization"},"potentialAction":[{"@type":"SearchAction","target":{"@type":"EntryPoint","urlTemplate":"https:\/\/dsmontage.dk\/?s={search_term_string}"},"query-input":{"@type":"PropertyValueSpecification","valueRequired":true,"valueName":"search_term_string"}}],"inLanguage":"en-US"},{"@type":"Organization","@id":"https:\/\/dsmontage.dk\/#organization","name":"Dansk St\u00e5lmontage A\/S","url":"https:\/\/dsmontage.dk\/","logo":{"@type":"ImageObject","inLanguage":"en-US","@id":"https:\/\/dsmontage.dk\/#\/schema\/logo\/image\/","url":"https:\/\/dsmontage.dk\/wp-content\/uploads\/2019\/11\/Logo-svg.svg","contentUrl":"https:\/\/dsmontage.dk\/wp-content\/uploads\/2019\/11\/Logo-svg.svg","width":3000,"height":583,"caption":"Dansk St\u00e5lmontage A\/S"},"image":{"@id":"https:\/\/dsmontage.dk\/#\/schema\/logo\/image\/"},"sameAs":["https:\/\/www.facebook.com\/danskstaalmontage\/"]}]}},"_links":{"self":[{"href":"https:\/\/dsmontage.dk\/en\/wp-json\/wp\/v2\/pages\/7993","targetHints":{"allow":["GET"]}}],"collection":[{"href":"https:\/\/dsmontage.dk\/en\/wp-json\/wp\/v2\/pages"}],"about":[{"href":"https:\/\/dsmontage.dk\/en\/wp-json\/wp\/v2\/types\/page"}],"author":[{"embeddable":true,"href":"https:\/\/dsmontage.dk\/en\/wp-json\/wp\/v2\/users\/5"}],"replies":[{"embeddable":true,"href":"https:\/\/dsmontage.dk\/en\/wp-json\/wp\/v2\/comments?post=7993"}],"version-history":[{"count":14,"href":"https:\/\/dsmontage.dk\/en\/wp-json\/wp\/v2\/pages\/7993\/revisions"}],"predecessor-version":[{"id":8719,"href":"https:\/\/dsmontage.dk\/en\/wp-json\/wp\/v2\/pages\/7993\/revisions\/8719"}],"wp:attachment":[{"href":"https:\/\/dsmontage.dk\/en\/wp-json\/wp\/v2\/media?parent=7993"}],"curies":[{"name":"wp","href":"https:\/\/api.w.org\/{rel}","templated":true}]}}